{"id":378,"date":"2021-01-18T10:15:54","date_gmt":"2021-01-18T09:15:54","guid":{"rendered":"https:\/\/roncarologiovanni.it\/?post_type=product&#038;p=378"},"modified":"2024-09-10T15:07:48","modified_gmt":"2024-09-10T14:07:48","slug":"trattorino-castelgarden-xdc-150-hd","status":"publish","type":"product","link":"https:\/\/roncarologiovanni.it\/?product=trattorino-castelgarden-xdc-150-hd","title":{"rendered":"TRATTORINO RASAERBA CASTELGARDEN XDC 150 HD"},"content":{"rendered":"<div class=\"product attribute overview\">\n<div>Castelgarden XDC 150 HD \u00e8 un trattorino tagliaerba alimentato da un motore monocilindrico con potenza di 7,4 kW @ 2400 rpm. Questo trattorino \u00e8 dotato di una trasmissione idrostatica a pedale che permette di regolare la velocit\u00e0 di avanzamento in modo costante, senza dover effettuare un cambio di marcia. Il piatto di taglio da 84 cm a doppia lama ha 7 diverse regolazioni dell\u2019altezza di taglio da 25 a 80 mm e l\u2019innesto delle lame avviene tramite frizione elettromagnetica. XDC 150 HD \u00e8 equipaggiato con sacco di raccolta posteriore da 240 litri, sedile ergonomico, cruscotto a led e fari anteriori.<\/div>\n<div><\/div>\n<div class=\"value\">Trattorino tagliaerba a benzina equipaggiato con motore Castelgarden da 452 cc, piatto di taglio da 84 cm con due lame e sacco di raccolta posteriore da 240 l.<\/div>\n<div><\/div>\n<\/div>\n<div class=\"product attribute unique_selling_points\">\n<ul class=\"list_check\">\n<li>Motore Castelgarden da 7,4 kW @ 2400 rpm<\/li>\n<li>Trasmissione idrostatica a pedale<\/li>\n<li>Piatto di taglio da 84 cm con ruotini antiscalpo<\/li>\n<li>Sacco di raccolta da 240 l<\/li>\n<li>Fari anteriori e paraurti frontale<\/li>\n<\/ul>\n<\/div>\n","protected":false},"excerpt":{"rendered":"<p>Trattorino tagliaerba a benzina equipaggiato con motore Castelgarden da 452 cc, piatto di taglio da 84 cm con due lame e sacco di raccolta posteriore da 240 l.<\/p>\n","protected":false},"featured_media":380,"template":"","meta":[],"_links":{"self":[{"href":"https:\/\/roncarologiovanni.it\/index.php?rest_route=\/wp\/v2\/product\/378"}],"collection":[{"href":"https:\/\/roncarologiovanni.it\/index.php?rest_route=\/wp\/v2\/product"}],"about":[{"href":"https:\/\/roncarologiovanni.it\/index.php?rest_route=\/wp\/v2\/types\/product"}],"wp:featuredmedia":[{"embeddable":true,"href":"https:\/\/roncarologiovanni.it\/index.php?rest_route=\/wp\/v2\/media\/380"}],"wp:attachment":[{"href":"https:\/\/roncarologiovanni.it\/index.php?rest_route=%2Fwp%2Fv2%2Fmedia&parent=378"}],"curies":[{"name":"wp","href":"https:\/\/api.w.org\/{rel}","templated":true}]}}