{"id":606,"date":"2021-08-06T08:58:29","date_gmt":"2021-08-06T07:58:29","guid":{"rendered":"https:\/\/roncarologiovanni.it\/?post_type=product&#038;p=606"},"modified":"2024-09-10T15:07:02","modified_gmt":"2024-09-10T14:07:02","slug":"felco-f910-fondina-per-cesoie","status":"publish","type":"product","link":"https:\/\/roncarologiovanni.it\/?product=felco-f910-fondina-per-cesoie","title":{"rendered":"FELCO F910 &#8211; Fondina per cesoie"},"content":{"rendered":"<p>La fondina Felco F910 \u00e8 costituita di vera pelle resistente, con chiodatura extra per una lunga durata.\u00a0\u00c8 adatta a tutti i modelli di cesoie Felco e pu\u00f2 essere usata infilandola alla cintura o attaccandola alla tasca con la clip posteriore che permette di sganciarla pi\u00f9 facilmente.<\/p>\n<ul class=\"a-unordered-list a-vertical a-spacing-mini\">\n<li><span class=\"a-list-item\">Prodotto in Italia<\/span><\/li>\n<li><span class=\"a-list-item\">Facile da usare<\/span><\/li>\n<li><span class=\"a-list-item\">Prodotto di qualit\u00e0<\/span><\/li>\n<\/ul>\n","protected":false},"excerpt":{"rendered":"<p>FELCO F910 &#8211; Fondina per cesoie in Pelle<\/p>\n","protected":false},"featured_media":607,"template":"","meta":[],"_links":{"self":[{"href":"https:\/\/roncarologiovanni.it\/index.php?rest_route=\/wp\/v2\/product\/606"}],"collection":[{"href":"https:\/\/roncarologiovanni.it\/index.php?rest_route=\/wp\/v2\/product"}],"about":[{"href":"https:\/\/roncarologiovanni.it\/index.php?rest_route=\/wp\/v2\/types\/product"}],"wp:featuredmedia":[{"embeddable":true,"href":"https:\/\/roncarologiovanni.it\/index.php?rest_route=\/wp\/v2\/media\/607"}],"wp:attachment":[{"href":"https:\/\/roncarologiovanni.it\/index.php?rest_route=%2Fwp%2Fv2%2Fmedia&parent=606"}],"curies":[{"name":"wp","href":"https:\/\/api.w.org\/{rel}","templated":true}]}}