{"id":757,"date":"2022-11-03T15:35:23","date_gmt":"2022-11-03T14:35:23","guid":{"rendered":"https:\/\/roncarologiovanni.it\/?post_type=product&#038;p=757"},"modified":"2025-04-09T08:40:54","modified_gmt":"2025-04-09T07:40:54","slug":"spaccalegna-lse-5000","status":"publish","type":"product","link":"https:\/\/roncarologiovanni.it\/?product=spaccalegna-lse-5000","title":{"rendered":"Spaccalegna LSE 5000"},"content":{"rendered":"<ul>\n<li>Motore: monofase 2200W \/ 230V<\/li>\n<li>Lunghezza di spacco: 520 mm<\/li>\n<li>Diametro di spacco: 250 mm<\/li>\n<li>Spinta: 5 tonnellate<\/li>\n<li>Peso: 50 kg<\/li>\n<\/ul>\n","protected":false},"excerpt":{"rendered":"<p>Il modello LSE 5000 \u00e8 il pi\u00f9 compatto della gamma. Grazie al sistema di spacco orizzontale \u00e8 possibile spaccare i ceppi senza quasi doverli sollevare. La potenza di 5 tonnellate \u00e8 adeguata ad un uso domestico.<\/p>\n","protected":false},"featured_media":758,"template":"","meta":[],"_links":{"self":[{"href":"https:\/\/roncarologiovanni.it\/index.php?rest_route=\/wp\/v2\/product\/757"}],"collection":[{"href":"https:\/\/roncarologiovanni.it\/index.php?rest_route=\/wp\/v2\/product"}],"about":[{"href":"https:\/\/roncarologiovanni.it\/index.php?rest_route=\/wp\/v2\/types\/product"}],"wp:featuredmedia":[{"embeddable":true,"href":"https:\/\/roncarologiovanni.it\/index.php?rest_route=\/wp\/v2\/media\/758"}],"wp:attachment":[{"href":"https:\/\/roncarologiovanni.it\/index.php?rest_route=%2Fwp%2Fv2%2Fmedia&parent=757"}],"curies":[{"name":"wp","href":"https:\/\/api.w.org\/{rel}","templated":true}]}}