{"id":816,"date":"2023-02-10T15:28:56","date_gmt":"2023-02-10T14:28:56","guid":{"rendered":"https:\/\/roncarologiovanni.it\/?post_type=product&#038;p=816"},"modified":"2024-09-10T15:05:03","modified_gmt":"2024-09-10T14:05:03","slug":"multitool-asta-motore-ego-ph1400e","status":"publish","type":"product","link":"https:\/\/roncarologiovanni.it\/?product=multitool-asta-motore-ego-ph1400e","title":{"rendered":"Multitool Asta Motore EGO PH1400E"},"content":{"rendered":"<ul>\n<li>TENSIONE:56 V<\/li>\n<li>PORTA DELLA BATTERIA: Porta singola<\/li>\n<li>BRUSHLESS MOTOR: Brushless<\/li>\n<li>SENSO DI ROTAZIONE: In senso antiorario<\/li>\n<li>MATERIALE ALBERO DI TRASMISSIONE: 7mm Solid Steel_IT<\/li>\n<li>AUXILIARY HANDLE ADJUSTING TYPE: Screw Adjust_IT<\/li>\n<li>CLASSE IP: IPX4<\/li>\n<li>LUNGHEZZA UTENSILE (MM): 97<\/li>\n<\/ul>\n<p>&nbsp;<\/p>\n","protected":false},"excerpt":{"rendered":"<p>Pronto per qualsiasi lavoro, grande o piccolo che sia, il nostro sistema di attrezzi multifunzione \u00e8 uno dei prodotti pi\u00f9 popolari tra gli utenti professionisti e residenziali, grazie alla sua pura versatilit\u00e0. Il gruppo motore pu\u00f2 essere associato a qualsiasi batteria EGO per fornire tutta la potenza necessaria. Il meccanismo di accoppiamento senza utensili semplice e sicuro permette un cambio di accessori facile come non mai, per portare a termine le vostre attivit\u00e0 pi\u00f9 rapidamente.<\/p>\n","protected":false},"featured_media":818,"template":"","meta":[],"_links":{"self":[{"href":"https:\/\/roncarologiovanni.it\/index.php?rest_route=\/wp\/v2\/product\/816"}],"collection":[{"href":"https:\/\/roncarologiovanni.it\/index.php?rest_route=\/wp\/v2\/product"}],"about":[{"href":"https:\/\/roncarologiovanni.it\/index.php?rest_route=\/wp\/v2\/types\/product"}],"wp:featuredmedia":[{"embeddable":true,"href":"https:\/\/roncarologiovanni.it\/index.php?rest_route=\/wp\/v2\/media\/818"}],"wp:attachment":[{"href":"https:\/\/roncarologiovanni.it\/index.php?rest_route=%2Fwp%2Fv2%2Fmedia&parent=816"}],"curies":[{"name":"wp","href":"https:\/\/api.w.org\/{rel}","templated":true}]}}