{"id":839,"date":"2023-03-03T16:17:40","date_gmt":"2023-03-03T15:17:40","guid":{"rendered":"https:\/\/roncarologiovanni.it\/?post_type=product&#038;p=839"},"modified":"2025-06-25T09:17:49","modified_gmt":"2025-06-25T08:17:49","slug":"elettrosega-a-batteria-makita-duc353","status":"publish","type":"product","link":"https:\/\/roncarologiovanni.it\/?product=elettrosega-a-batteria-makita-duc353","title":{"rendered":"Elettrosega a batteria Makita DUC353"},"content":{"rendered":"<ul>\n<li>Lunghezza della barra (in cm):\u00a0 35<\/li>\n<li>Tipo di batteria: Litio (Li-Ion)<\/li>\n<li>Voltaggio (in V): 36<\/li>\n<li>Sistema antivibrante: No<\/li>\n<\/ul>\n","protected":false},"excerpt":{"rendered":"<p>Motosega a batteria da 36V e lunghezza della barra di 35 cm, adatta per sramare e abbattere piccoli alberi. Il motore a batteria ha tutti i vantaggi di uno strumento elettrico o a benzina, ma con la praticit\u00e0 di uno strumento senza fili per lavorare in libert\u00e0 e senza necessit\u00e0 di manutenzione periodica ed emissioni di cattivo odore.<\/p>\n<p>BATTERIE E CARICABATTERIE INCLUSI<\/p>\n","protected":false},"featured_media":844,"template":"","meta":[],"_links":{"self":[{"href":"https:\/\/roncarologiovanni.it\/index.php?rest_route=\/wp\/v2\/product\/839"}],"collection":[{"href":"https:\/\/roncarologiovanni.it\/index.php?rest_route=\/wp\/v2\/product"}],"about":[{"href":"https:\/\/roncarologiovanni.it\/index.php?rest_route=\/wp\/v2\/types\/product"}],"wp:featuredmedia":[{"embeddable":true,"href":"https:\/\/roncarologiovanni.it\/index.php?rest_route=\/wp\/v2\/media\/844"}],"wp:attachment":[{"href":"https:\/\/roncarologiovanni.it\/index.php?rest_route=%2Fwp%2Fv2%2Fmedia&parent=839"}],"curies":[{"name":"wp","href":"https:\/\/api.w.org\/{rel}","templated":true}]}}