{"id":850,"date":"2023-03-10T12:58:22","date_gmt":"2023-03-10T11:58:22","guid":{"rendered":"https:\/\/roncarologiovanni.it\/?post_type=product&#038;p=850"},"modified":"2025-06-25T09:17:38","modified_gmt":"2025-06-25T08:17:38","slug":"motozappa-dunsch-lea42212-80w21","status":"publish","type":"product","link":"https:\/\/roncarologiovanni.it\/?product=motozappa-dunsch-lea42212-80w21","title":{"rendered":"Motozappa Dunsch LEA42212-80W21"},"content":{"rendered":"<p>La\u00a0<strong>motozappa a scoppio\u00a0<\/strong><strong>Dunsch DU42212-80W21<\/strong>\u00a0\u00e8 una macchina adatta anche agli utenti pi\u00f9 esigenti. La sua maneggevolezza e robustezza, la rendono particolarmente indicata per un utilizzo semiprofessionale. Una motozappa a scoppio progettata per la fresatura di terreni di medie e grandi dimensioni, come orti e giardini.<\/p>\n<p>L&#8217;affidabile e potente\u00a0<strong>motore OHV 4 tempi da 212 cc capace di erogare 4 kW di potenza<\/strong>\u00a0garantisce prestazioni e affidabilit\u00e0 durature nel tempo. Inoltre il motore a scoppio che alimenta la motozappa Dunsch \u00e8 tra i pi\u00f9 silenziosi della sua classe, permette inoltre una riduzione delle emissioni e bassi consumi.<\/p>\n<p>La motozappa a scoppio Dunsch DU42212-80W21 dispone di 2 marce in avanati e 1 retro con trasmissione a cinghia e catena.<\/p>\n<p>La punta di diamante della\u00a0<strong>Motozappa Dunsch<\/strong>\u00a0\u00e8 senza dubbio la fresa a 6 stelle da 32 cm di diametro. L&#8217;ampiezza di\u00a0lavoro\u00a0di 88 cm con dischi laterali e la profondit\u00e0 massima di 32 cm la rendono adatta ad affrontare anche lavori impegnativi.<br \/>\nLe impugnature ergonomiche regolabili in altezza ed comandi sul manico rendono semplice manovrare la Dunsch DU42212-80W21.<\/p>\n<p>La motozappa Dunsch viene dotata di ruota anteriore per rendere semplice lo spostamento e il rimessaggio.<\/p>\n","protected":false},"excerpt":{"rendered":"<p>Motozappa pratica e maneggevole motore 4 tempi da 212cc e 2 marce avanti e 1 retro<\/p>\n","protected":false},"featured_media":851,"template":"","meta":[],"_links":{"self":[{"href":"https:\/\/roncarologiovanni.it\/index.php?rest_route=\/wp\/v2\/product\/850"}],"collection":[{"href":"https:\/\/roncarologiovanni.it\/index.php?rest_route=\/wp\/v2\/product"}],"about":[{"href":"https:\/\/roncarologiovanni.it\/index.php?rest_route=\/wp\/v2\/types\/product"}],"wp:featuredmedia":[{"embeddable":true,"href":"https:\/\/roncarologiovanni.it\/index.php?rest_route=\/wp\/v2\/media\/851"}],"wp:attachment":[{"href":"https:\/\/roncarologiovanni.it\/index.php?rest_route=%2Fwp%2Fv2%2Fmedia&parent=850"}],"curies":[{"name":"wp","href":"https:\/\/api.w.org\/{rel}","templated":true}]}}