{"id":879,"date":"2024-09-10T09:46:06","date_gmt":"2024-09-10T08:46:06","guid":{"rendered":"https:\/\/roncarologiovanni.it\/?post_type=product&#038;p=879"},"modified":"2024-09-10T15:04:33","modified_gmt":"2024-09-10T14:04:33","slug":"robot-stiga-tagliaerba-con-filo-perimetrale-g-1200","status":"publish","type":"product","link":"https:\/\/roncarologiovanni.it\/?product=robot-stiga-tagliaerba-con-filo-perimetrale-g-1200","title":{"rendered":"Robot STIGA tagliaerba con filo perimetrale G 1200"},"content":{"rendered":"<ul class=\"list_check expanded\">\n<li>Alte prestazioni \u2013 4 lame girevoli, che ruotano fino a 2850 giri\/min<\/li>\n<li>Perfettamente bilanciato su pendenze del 45% &#8211; 24\u00b0<\/li>\n<li>Eccellente isolamento acustico, che mantiene il rumore all&#8217;interno della macchina<\/li>\n<li>App STIGA.GO che fornisce un controllo avanzato su tutte le funzioni del robot<\/li>\n<li>Pannello di bordo intuitivo con funzioni primarie e taglio spot<\/li>\n<li>Facilit\u00e0 di pulizia e lavaggio grazie alla calotta rimovibile<\/li>\n<\/ul>\n","protected":false},"excerpt":{"rendered":"<div class=\"product attribute overview\">\n<div class=\"value\">Il robot tagliaerba STIGA G 1200 lavora nel tuo giardino lasciandoti la libert\u00e0 di dedicarti alle cose che ami. Compatto e leggero, STIGA G 1200 \u00e8 in grado di affrontare giardini di ogni forma e dimensione e di spostarsi facilmente tra gli spazi pi\u00f9 stretti, alberi e cespugli. Abbinato a una batteria da 5 Ah permette di coprire superfici fino a 1200 m2. STIGA G 1200 \u00e8 anche incredibilmente facile da usare. Grazie al tastierino intuitivo e alla connessione Bluetooth, pu\u00f2 ricevere i comandi direttamente dal tuo smartphone.<\/div>\n<\/div>\n<div class=\"product attribute selling-points\"><\/div>\n","protected":false},"featured_media":878,"template":"","meta":[],"_links":{"self":[{"href":"https:\/\/roncarologiovanni.it\/index.php?rest_route=\/wp\/v2\/product\/879"}],"collection":[{"href":"https:\/\/roncarologiovanni.it\/index.php?rest_route=\/wp\/v2\/product"}],"about":[{"href":"https:\/\/roncarologiovanni.it\/index.php?rest_route=\/wp\/v2\/types\/product"}],"wp:featuredmedia":[{"embeddable":true,"href":"https:\/\/roncarologiovanni.it\/index.php?rest_route=\/wp\/v2\/media\/878"}],"wp:attachment":[{"href":"https:\/\/roncarologiovanni.it\/index.php?rest_route=%2Fwp%2Fv2%2Fmedia&parent=879"}],"curies":[{"name":"wp","href":"https:\/\/api.w.org\/{rel}","templated":true}]}}